














{"id":5834,"date":"2021-08-26T10:04:36","date_gmt":"2021-08-26T08:04:36","guid":{"rendered":"https:\/\/ntppark.wpenginepowered.com\/contact\/"},"modified":"2024-09-18T12:45:33","modified_gmt":"2024-09-18T10:45:33","slug":"contact","status":"publish","type":"page","link":"https:\/\/ntpark.me\/en\/contact\/","title":{"rendered":"Contact"},"content":{"rendered":"\t\t<div data-elementor-type=\"wp-page\" data-elementor-id=\"5834\" class=\"elementor elementor-5834 elementor-209\" data-elementor-post-type=\"page\">\n\t\t\t\t\n\n\n\n\n\n\n\t\t<section data-particle_enable=\"false\" data-particle-mobile-disabled=\"false\" class=\"elementor-section elementor-top-section elementor-element elementor-element-2a0d7783 elementor-section-full_width elementor-section-stretched elementor-section-height-default elementor-section-height-default\" data-id=\"2a0d7783\" data-element_type=\"section\" data-settings=\"{&quot;stretch_section&quot;:&quot;section-stretched&quot;,&quot;background_background&quot;:&quot;classic&quot;}\">\n\t\t\t\t\t\t<div class=\"elementor-container elementor-column-gap-no\">\n\t\t\t\t\t<div class=\"elementor-column elementor-col-100 elementor-top-column elementor-element elementor-element-66027446\" data-id=\"66027446\" data-element_type=\"column\">\n\t\t\t<div class=\"elementor-widget-wrap elementor-element-populated\">\n\t\t\t\t\n\n\n\n\n\n\n\t\t<div class=\"elementor-element elementor-element-4ea6a8c3 elementor-widget elementor-widget-ucaddon__elementor\" data-id=\"4ea6a8c3\" data-element_type=\"widget\" data-widget_type=\"ucaddon__elementor.default\">\n\t\t\t\t<div class=\"elementor-widget-container\">\n\t\t\t<!-- start Contact Us -->\n\n\t\t\t<!-- Start of contact page section\n\t============================================= -->\n\t<section id=\"pr-contact-wrap\" class=\"pr-contact-wrap-section position-relative el-contact-wrapper\">\n\t\t<div class=\"container\">\n            <div class=\"row\">\n\t\t\t\t<div class=\"col-lg-6\">\n\t\t\t\t\t<div>\n\t\t\t\t\t\t<div class=\"pr-section-title headline pera-content pr-text-in is_shown\">\n\t\t\t\t\t\t\t<h3 class=\"title-tag d-inline-block\">\n\t\t\t\t\t\t\t\t<span class=\"pr-text-in_item1\">\n\t\t\t\t\t\t\t\t\t<span class=\"pr-text-in_item2\">\n\t\t\t\t\t\t\t\t\t\t<span class=\"pr-text-in_item3\">\n\t\t\t\t\t\t\t\t\t\t\tContact us\n\t\t\t\t\t\t\t\t\t\t<\/span>\n\t\t\t\t\t\t\t\t\t<\/span>\n\t\t\t\t\t\t\t\t<\/span>\n\t\t\t\t\t\t\t<\/h3>\n\t\t\t\t\t\t\t<h2>\n\t\t\t\t\t\t\t\t<span class=\"pr-text-in_item1\">\n\t\t\t\t\t\t\t\t\t<span class=\"pr-text-in_item2\">\n\t\t\t\t\t\t\t\t\t\t<span class=\"pr-text-in_item3\">\n\t\t\t\t\t\t\t\t\t\t\t<span  class=\"uc_style_elementor_elementor_title\" >Science and Technology park Montenegro<\/span>\n\t\t\t\t\t\t\t\t\t\t<\/span>\n\t\t\t\t\t\t\t\t\t<\/span>\n\t\t\t\t\t\t\t\t<\/span>\n\t\t\t\t\t\t\t<\/h2>\n\t\t\t\t\t\t<\/div>\n\t\t\t\t\t<\/div>\n\t\t\t\t\t<div class=\"pr-contact-cta-wrapper\">\n\t\t\t\t\t\t<div class=\"pr-contact-cta-item-inner d-flex align-items-center\">\n  <div class=\"pr-contact-cta-icon d-flex align-items-center justify-content-center\">\n    <i class=\"far fa-envelope\"><\/i>\n  <\/div>\n  <div class=\"pr-contact-cta-text headline\">\n    <h3>E-mail<\/h3>\n    <h4><a href=\"mailto:office@ntpark.me\">office@ntpark.me<\/a>\n<a href=\"mailto:event@ntpark.me\">event@ntpark.me<\/a><\/h4>\n  <\/div>\n<\/div>\n<div class=\"pr-contact-cta-item-inner d-flex align-items-center\">\n  <div class=\"pr-contact-cta-icon d-flex align-items-center justify-content-center\">\n    <i class=\"fas fa-map-marker-alt\"><\/i>\n  <\/div>\n  <div class=\"pr-contact-cta-text headline\">\n    <h3>Address<\/h3>\n    <h4><a href=\"https:\/\/goo.gl\/maps\/LP3QXC94KFYmu18dA\" target=\"_blank\">Bulevar Mihaila Lali\u0107a b.b. Podgorica<\/a>\n<\/h4>\n  <\/div>\n<\/div>\n<div class=\"pr-contact-cta-item-inner d-flex align-items-center\">\n  <div class=\"pr-contact-cta-icon d-flex align-items-center justify-content-center\">\n    <i class=\"fas fa-phone-alt\"><\/i>\n  <\/div>\n  <div class=\"pr-contact-cta-text headline\">\n    <h3> Phone<\/h3>\n    <h4><a href=\"tel:020 270 777\">020 270 777<\/a><\/h4>\n  <\/div>\n<\/div>\n\n\t\t\t\t\t<\/div>\n\t\t\t\t<\/div>\n\t\t\t\t<div class=\"col-lg-6\">\n\t\t\t\t\t<div class=\"contact-form-wrapper contact-page-form-section contact-page-form-wrapper\">\n\t\t\t\t\t\t<p>\n<div class=\"wpcf7 no-js\" id=\"wpcf7-f5941-o1\" lang=\"en-US\" dir=\"ltr\" data-wpcf7-id=\"5941\">\n<div class=\"screen-reader-response\"><p role=\"status\" aria-live=\"polite\" aria-atomic=\"true\"><\/p> <ul><\/ul><\/div>\n<form action=\"\/en\/wp-json\/wp\/v2\/pages\/5834#wpcf7-f5941-o1\" method=\"post\" class=\"wpcf7-form init\" aria-label=\"Contact form\" novalidate=\"novalidate\" data-status=\"init\">\n<fieldset class=\"hidden-fields-container\"><input type=\"hidden\" name=\"_wpcf7\" value=\"5941\" \/><input type=\"hidden\" name=\"_wpcf7_version\" value=\"6.1.1\" \/><input type=\"hidden\" name=\"_wpcf7_locale\" value=\"en_US\" \/><input type=\"hidden\" name=\"_wpcf7_unit_tag\" value=\"wpcf7-f5941-o1\" \/><input type=\"hidden\" name=\"_wpcf7_container_post\" value=\"0\" \/><input type=\"hidden\" name=\"_wpcf7_posted_data_hash\" value=\"\" \/><input type=\"hidden\" name=\"_wpcf7_recaptcha_response\" value=\"\" \/>\n<\/fieldset>\n<div class=\"contact-page-form-wrapper\">\n\t<div class=\"row\">\n\t\t<div class=\"col-md-6\">\n\t\t\t<p><span class=\"wpcf7-form-control-wrap\" data-name=\"yourname\"><input size=\"40\" maxlength=\"400\" class=\"wpcf7-form-control wpcf7-text wpcf7-validates-as-required\" aria-required=\"true\" aria-invalid=\"false\" placeholder=\"Name, surname*\" value=\"\" type=\"text\" name=\"yourname\" \/><\/span>\n\t\t\t<\/p>\n\t\t<\/div>\n\t\t<div class=\"col-md-6\">\n\t\t\t<p><span class=\"wpcf7-form-control-wrap\" data-name=\"yourmail\"><input size=\"40\" maxlength=\"400\" class=\"wpcf7-form-control wpcf7-email wpcf7-validates-as-required wpcf7-text wpcf7-validates-as-email\" aria-required=\"true\" aria-invalid=\"false\" placeholder=\"E-mail*\" value=\"\" type=\"email\" name=\"yourmail\" \/><\/span>\n\t\t\t<\/p>\n\t\t<\/div>\n\t\t<div class=\"col-md-6\">\n\t\t\t<p><span class=\"wpcf7-form-control-wrap\" data-name=\"subject\"><input size=\"40\" maxlength=\"400\" class=\"wpcf7-form-control wpcf7-text wpcf7-validates-as-required\" aria-required=\"true\" aria-invalid=\"false\" placeholder=\"Title*\" value=\"\" type=\"text\" name=\"subject\" \/><\/span>\n\t\t\t<\/p>\n\t\t<\/div>\n\t\t<div class=\"col-md-12\">\n\t\t\t<p><span class=\"wpcf7-form-control-wrap\" data-name=\"Message\"><textarea cols=\"40\" rows=\"10\" maxlength=\"2000\" class=\"wpcf7-form-control wpcf7-textarea wpcf7-validates-as-required\" aria-required=\"true\" aria-invalid=\"false\" placeholder=\"How can we help you?*\" name=\"Message\"><\/textarea><\/span>\n\t\t\t<\/p>\n\t\t<\/div>\n\t\t<div class=\"contact-page-form-btn text-center\">\n\t\t\t<p><button type=\"submit\">Send<\/button>\n\t\t\t<\/p>\n\t\t<\/div>\n\t<\/div>\n<\/div><div class=\"wpcf7-response-output\" aria-hidden=\"true\"><\/div>\n<\/form>\n<\/div>\n<\/p>\n\t\t\t\t\t<\/div>\n\t\t\t\t<\/div>\n\t\t\t<\/div>\n\t\t<\/div>\n\t<\/section>\n<!-- End of contact page section\n\t============================================= -->\n\t\t\t<!-- end Contact Us -->\t\t<\/div>\n\t\t\t\t<\/div>\n\t\t\t\t<div class=\"elementor-element elementor-element-1df71413 elementor-widget elementor-widget-google_maps\" data-id=\"1df71413\" data-element_type=\"widget\" data-widget_type=\"google_maps.default\">\n\t\t\t\t<div class=\"elementor-widget-container\">\n\t\t\t<style>\/*! elementor - v3.23.0 - 15-07-2024 *\/\n.elementor-widget-google_maps .elementor-widget-container{overflow:hidden}.elementor-widget-google_maps .elementor-custom-embed{line-height:0}.elementor-widget-google_maps iframe{height:300px}<\/style>\t\t<div class=\"elementor-custom-embed\">\n\t\t\t<iframe loading=\"lazy\"\n\t\t\t\t\tsrc=\"https:\/\/maps.google.com\/maps?q=Naucno%20tehnoloski%20park%20crne%20gore&#038;t=m&#038;z=12&#038;output=embed&#038;iwloc=near\"\n\t\t\t\t\ttitle=\"Naucno tehnoloski park crne gore\"\n\t\t\t\t\taria-label=\"Naucno tehnoloski park crne gore\"\n\t\t\t><\/iframe>\n\t\t<\/div>\n\t\t\t\t<\/div>\n\t\t\t\t<\/div>\n\t\t\t\t<div class=\"elementor-element elementor-element-32fae651 support-section elementor-hidden-desktop elementor-hidden-tablet elementor-hidden-mobile elementor-widget elementor-widget-ucaddon_subscribe_now\" data-id=\"32fae651\" data-element_type=\"widget\" data-widget_type=\"ucaddon_subscribe_now.default\">\n\t\t\t\t<div class=\"elementor-widget-container\">\n\t\t\t<!-- start Subscribe now -->\n\n\t\t\t<!-- Start of newslatter section\n\t============================================= -->\n\t<section id=\"pr-newslatter\" class=\"pr-newslatter-section position-relative\">\n\t\t<span class=\"pr-newslatter-img position-absolute\"><img decoding=\"async\" src=\"https:\/\/ntpark.me\/wp-content\/uploads\/2022\/08\/customer-support-1.png\" alt=\"customer-support (1)\"><\/span>\n\t\t<div class=\"container\">\n\t\t\t<div class=\"pr-newslatter-content d-flex justify-content-between align-items-center\">\n\t\t\t\t<div class=\"pr-newslatter-text headline pera-content\">\n\t\t\t\t\t<p>Za budu\u0107e stanare i korisnike, doma\u0107e i strane startup kompanije, mlae preduzetnike i kreativne timove, NTP Crne Gore priprema set alata i usluga namijenjenih ja\u010danju performansi njihovig biznisa, sa ciljem ja\u010danja tr\u017ei\u0161nog potencijala, konkurentnosti i poslovno-operativnih performansi.<\/p>\n\t\t\t\t<\/div>\n\t\t\t\t<div class=\"pr-newslatter-form position-relative\">\n                  \t[mc4wp_form]\n\t\t\t\t<\/div>\n\t\t\t<\/div>\n\t\t<\/div>\n\t<\/section>\t\t\n<!-- End of newslatter section\n\t============================================= -->\n\t\t\t<!-- end Subscribe now -->\t\t<\/div>\n\t\t\t\t<\/div>\n\t\t\t\t\t<\/div>\n\t\t<\/div>\n\t\t\t\t\t<\/div>\n\t\t<\/section>\n\t\t\t\t<section data-particle_enable=\"false\" data-particle-mobile-disabled=\"false\" class=\"elementor-section elementor-top-section elementor-element elementor-element-ce5ecab elementor-section-full_width elementor-section-stretched elementor-section-height-default elementor-section-height-default\" data-id=\"ce5ecab\" data-element_type=\"section\" data-settings=\"{&quot;stretch_section&quot;:&quot;section-stretched&quot;,&quot;background_background&quot;:&quot;classic&quot;}\">\n\t\t\t\t\t\t<div class=\"elementor-container elementor-column-gap-default\">\n\t\t\t\t\t<div class=\"elementor-column elementor-col-100 elementor-top-column elementor-element elementor-element-db2b192\" data-id=\"db2b192\" data-element_type=\"column\">\n\t\t\t<div class=\"elementor-widget-wrap elementor-element-populated\">\n\t\t\t\t\t\t<div class=\"elementor-element elementor-element-ba3fc7a new-member-section elementor-hidden-desktop elementor-hidden-tablet elementor-hidden-mobile elementor-widget elementor-widget-ucaddon_subscribe_now\" data-id=\"ba3fc7a\" data-element_type=\"widget\" data-widget_type=\"ucaddon_subscribe_now.default\">\n\t\t\t\t<div class=\"elementor-widget-container\">\n\t\t\t<!-- start Subscribe now -->\n\n\t\t\t<!-- Start of newslatter section\n\t============================================= -->\n\t<section id=\"pr-newslatter\" class=\"pr-newslatter-section position-relative\">\n\t\t<span class=\"pr-newslatter-img position-absolute\"><img decoding=\"async\" src=\"https:\/\/ntpark.me\/wp-content\/uploads\/2022\/08\/add-group.png\" alt=\"add-group\"><\/span>\n\t\t<div class=\"container\">\n\t\t\t<div class=\"pr-newslatter-content d-flex justify-content-between align-items-center\">\n\t\t\t\t<div class=\"pr-newslatter-text headline pera-content\">\n\t\t\t\t\t<p>Otvorenost, kreativnost, predanost, akciona orijentisanost, samo su neki od postulata na\u0161eg rada. Budi dio atmosfere u kojoj se stvara budu\u0107nost.<\/p>\n\t\t\t\t<\/div>\n\t\t\t\t<div class=\"pr-newslatter-form position-relative\">\n                  \t[mc4wp_form]\n\t\t\t\t<\/div>\n\t\t\t<\/div>\n\t\t<\/div>\n\t<\/section>\t\t\n<!-- End of newslatter section\n\t============================================= -->\n\t\t\t<!-- end Subscribe now -->\t\t<\/div>\n\t\t\t\t<\/div>\n\t\t\t\t\t<\/div>\n\t\t<\/div>\n\t\t\t\t\t<\/div>\n\t\t<\/section>\n\t\t\t\t<\/div>\n\t\t","protected":false},"excerpt":{"rendered":"<p>Contact us Science and Technology park Montenegro E-mail office@ntpark.me event@ntpark.me Address Bulevar Mihaila Lali\u0107a b.b. Podgorica Phone 020 270 777 Send Za budu\u0107e<\/p>\n","protected":false},"author":1,"featured_media":0,"parent":0,"menu_order":0,"comment_status":"closed","ping_status":"closed","template":"","meta":{"_acf_changed":false,"cybocfi_hide_featured_image":"","footnotes":""},"class_list":["post-5834","page","type-page","status-publish","hentry"],"acf":[],"aioseo_notices":[],"_links":{"self":[{"href":"https:\/\/ntpark.me\/en\/wp-json\/wp\/v2\/pages\/5834","targetHints":{"allow":["GET"]}}],"collection":[{"href":"https:\/\/ntpark.me\/en\/wp-json\/wp\/v2\/pages"}],"about":[{"href":"https:\/\/ntpark.me\/en\/wp-json\/wp\/v2\/types\/page"}],"author":[{"embeddable":true,"href":"https:\/\/ntpark.me\/en\/wp-json\/wp\/v2\/users\/1"}],"replies":[{"embeddable":true,"href":"https:\/\/ntpark.me\/en\/wp-json\/wp\/v2\/comments?post=5834"}],"version-history":[{"count":3,"href":"https:\/\/ntpark.me\/en\/wp-json\/wp\/v2\/pages\/5834\/revisions"}],"predecessor-version":[{"id":8482,"href":"https:\/\/ntpark.me\/en\/wp-json\/wp\/v2\/pages\/5834\/revisions\/8482"}],"wp:attachment":[{"href":"https:\/\/ntpark.me\/en\/wp-json\/wp\/v2\/media?parent=5834"}],"curies":[{"name":"wp","href":"https:\/\/api.w.org\/{rel}","templated":true}]}}